{"id":1153,"date":"2020-12-25T06:40:39","date_gmt":"2020-12-25T03:40:39","guid":{"rendered":"https:\/\/zakrademos.com\/plumber\/?page_id=1153"},"modified":"2023-12-26T23:07:09","modified_gmt":"2023-12-26T20:07:09","slug":"ana-sayfa","status":"publish","type":"page","link":"https:\/\/hiskaotomotiv.com\/","title":{"rendered":"Ana Sayfa"},"content":{"rendered":"\t\t<div data-elementor-type=\"wp-post\" data-elementor-id=\"1153\" class=\"elementor elementor-1153\">\n\t\t\t\t\t\t<section class=\"elementor-section elementor-top-section elementor-element elementor-element-b173277 elementor-section-boxed elementor-section-height-default elementor-section-height-default\" data-id=\"b173277\" data-element_type=\"section\" data-settings=\"{&quot;background_background&quot;:&quot;classic&quot;}\">\n\t\t\t\t\t\t\t<div class=\"elementor-background-overlay\"><\/div>\n\t\t\t\t\t\t\t<div class=\"elementor-container elementor-column-gap-default\">\n\t\t\t\t\t<div class=\"elementor-column elementor-col-33 elementor-top-column elementor-element elementor-element-fceff09\" data-id=\"fceff09\" data-element_type=\"column\">\n\t\t\t<div class=\"elementor-widget-wrap elementor-element-populated\">\n\t\t\t\t\t\t<div class=\"elementor-element elementor-element-f5a5796 elementor-widget elementor-widget-heading\" data-id=\"f5a5796\" data-element_type=\"widget\" data-widget_type=\"heading.default\">\n\t\t\t\t<div class=\"elementor-widget-container\">\n\t\t\t<h2 class=\"elementor-heading-title elementor-size-default\">Yedek Par\u00e7a<\/h2>\t\t<\/div>\n\t\t\t\t<\/div>\n\t\t\t\t<div class=\"elementor-element elementor-element-5897b78 elementor-widget elementor-widget-heading\" data-id=\"5897b78\" data-element_type=\"widget\" data-widget_type=\"heading.default\">\n\t\t\t\t<div class=\"elementor-widget-container\">\n\t\t\t<h2 class=\"elementor-heading-title elementor-size-default\">\u00dcretimi<\/h2>\t\t<\/div>\n\t\t\t\t<\/div>\n\t\t\t\t<div class=\"elementor-element elementor-element-0cca31d elementor-widget elementor-widget-text-editor\" data-id=\"0cca31d\" data-element_type=\"widget\" data-widget_type=\"text-editor.default\">\n\t\t\t\t<div class=\"elementor-widget-container\">\n\t\t\t\t\t\t\t<p>Size \u00f6zel \u00fcr\u00fcnler.<\/p>\t\t\t\t\t\t<\/div>\n\t\t\t\t<\/div>\n\t\t\t\t<div class=\"elementor-element elementor-element-eaa11bb elementor-widget elementor-widget-button\" data-id=\"eaa11bb\" data-element_type=\"widget\" data-widget_type=\"button.default\">\n\t\t\t\t<div class=\"elementor-widget-container\">\n\t\t\t\t\t<div class=\"elementor-button-wrapper\">\n\t\t\t<a class=\"elementor-button elementor-button-link elementor-size-md\" href=\"\/urunlerimiz\">\n\t\t\t\t\t\t<span class=\"elementor-button-content-wrapper\">\n\t\t\t\t\t\t<span class=\"elementor-button-icon elementor-align-icon-left\">\n\t\t\t\t<i aria-hidden=\"true\" class=\"fas fa-car\"><\/i>\t\t\t<\/span>\n\t\t\t\t\t\t<span class=\"elementor-button-text\">\u00dcr\u00fcnlerimiz<\/span>\n\t\t<\/span>\n\t\t\t\t\t<\/a>\n\t\t<\/div>\n\t\t\t\t<\/div>\n\t\t\t\t<\/div>\n\t\t\t\t\t<\/div>\n\t\t<\/div>\n\t\t\t\t<div class=\"elementor-column elementor-col-33 elementor-top-column elementor-element elementor-element-00440cf elementor-hidden-phone\" data-id=\"00440cf\" data-element_type=\"column\">\n\t\t\t<div class=\"elementor-widget-wrap\">\n\t\t\t\t\t\t\t<\/div>\n\t\t<\/div>\n\t\t\t\t<div class=\"elementor-column elementor-col-33 elementor-top-column elementor-element elementor-element-f15aa19\" data-id=\"f15aa19\" data-element_type=\"column\" data-settings=\"{&quot;background_background&quot;:&quot;classic&quot;}\">\n\t\t\t<div class=\"elementor-widget-wrap elementor-element-populated\">\n\t\t\t\t\t\t<div class=\"elementor-element elementor-element-fc39861 elementor-widget elementor-widget-heading\" data-id=\"fc39861\" data-element_type=\"widget\" data-widget_type=\"heading.default\">\n\t\t\t\t<div class=\"elementor-widget-container\">\n\t\t\t<h2 class=\"elementor-heading-title elementor-size-default\"> Mesaj G\u00f6nder<\/h2>\t\t<\/div>\n\t\t\t\t<\/div>\n\t\t\t\t<div class=\"elementor-element elementor-element-2e647bb elementor-widget elementor-widget-shortcode\" data-id=\"2e647bb\" data-element_type=\"widget\" data-widget_type=\"shortcode.default\">\n\t\t\t\t<div class=\"elementor-widget-container\">\n\t\t\t\t\t<div class=\"elementor-shortcode\"><div class=\"everest-forms\"><div class=\"evf-container tg-evf-quote default\" id=\"evf-125\"><form id=\"evf-form-125\" class=\"everest-form\" data-formid=\"125\" data-ajax_submission=\"0\" data-keyboard_friendly_form=\"0\" method=\"post\" enctype=\"multipart\/form-data\" action=\"\/index.php\/wp-json\/wp\/v2\/pages\/1153\"><div class=\"evf-field-container\"><input type=\"hidden\" id=\"_wpnonce125\" name=\"_wpnonce125\" value=\"3a6cde8e53\" \/><input type=\"hidden\" name=\"_wp_http_referer\" value=\"\/index.php\/wp-json\/wp\/v2\/pages\/1153\" \/><div class=\"evf-frontend-row\" data-row=\"row_1\" conditional_rules=\"[]\"><div class=\"evf-frontend-grid evf-grid-1\" data-grid=\"grid_1\"><div id=\"evf-125-field_fullname-container\" class=\"evf-field evf-field-text form-row\" data-field-id=\"fullname\"><label class=\"evf-field-label evf-label-hide\" for=\"evf-125-field_fullname\"><span class=\"evf-label\">Full Name<\/span> <\/label><input type=\"text\" id=\"evf-125-field_fullname\" class=\"input-text\" name=\"everest_forms[form_fields][fullname]\" placeholder=\"Ad, Soyad\" ><\/div><div id=\"evf-125-field_email-container\" class=\"evf-field evf-field-email form-row validate-required validate-email\" data-required-field-message=\"L\u00fctfen ge\u00e7erli bir e-posta adresi girin.\" data-field-id=\"email\"><label class=\"evf-field-label evf-label-hide\" for=\"evf-125-field_email\"><span class=\"evf-label\">Email<\/span> <abbr class=\"required\" title=\"Required\">*<\/abbr><\/label><input type=\"email\" id=\"evf-125-field_email\" class=\"input-text\" name=\"everest_forms[form_fields][email]\" placeholder=\"Email\" required ><\/div><div id=\"evf-125-field_subject-container\" class=\"evf-field evf-field-text form-row validate-required\" data-required-field-message=\"Gerekli\" data-field-id=\"subject\"><label class=\"evf-field-label evf-label-hide\" for=\"evf-125-field_subject\"><span class=\"evf-label\">Subject<\/span> <abbr class=\"required\" title=\"Required\">*<\/abbr><\/label><input type=\"text\" id=\"evf-125-field_subject\" class=\"input-text\" name=\"everest_forms[form_fields][subject]\" placeholder=\"Konu\" required><\/div><div id=\"evf-125-field_message-container\" class=\"evf-field evf-field-textarea form-row\" data-field-id=\"message\"><label class=\"evf-field-label evf-label-hide\" for=\"evf-125-field_message\"><span class=\"evf-label\">How can we help?<\/span> <\/label><textarea id=\"evf-125-field_message\" class=\"input-text\" name=\"everest_forms[form_fields][message]\" placeholder=\"Size nas\u0131l yard\u0131mc\u0131 olabiliriz?\"  ><\/textarea><\/div><\/div><\/div><\/div><div class=\"evf-honeypot-container evf-field-hp\"><label for=\"evf-125-field-hp\" class=\"evf-field-label\">Name<\/label><input type=\"text\" name=\"everest_forms[hp]\" id=\"evf-125-field-hp\" class=\"input-text\"><\/div><div class=\"evf-recaptcha-container \" style=\"display:block\"><div class=\"g-recaptcha\" data-sitekey=\"ab57a16a-93e6-477a-9cc5-4379a55bd81a\"><\/div><\/div><div class=\"evf-submit-container \" ><input type=\"hidden\" name=\"everest_forms[id]\" value=\"125\"><input type=\"hidden\" name=\"everest_forms[author]\" value=\"1\"><button type='submit' name='everest_forms[submit]' class='everest-forms-submit-button button evf-submit ' id='evf-submit-125' value='evf-submit' data-process-text=\"G\u00f6nderiliyor\u2026\" conditional_rules='&quot;&quot;' conditional_id='evf-submit-125'  id=\"evf-submit-125\" aria-live=\"assertive\">G\u00f6nder<\/button><\/div><\/form><\/div><!-- .evf-container --><\/div><\/div>\n\t\t\t\t<\/div>\n\t\t\t\t<\/div>\n\t\t\t\t\t<\/div>\n\t\t<\/div>\n\t\t\t\t\t<\/div>\n\t\t<\/section>\n\t\t\t\t<section class=\"elementor-section elementor-top-section elementor-element elementor-element-f0a0712 elementor-section-boxed elementor-section-height-default elementor-section-height-default\" data-id=\"f0a0712\" data-element_type=\"section\">\n\t\t\t\t\t\t<div class=\"elementor-container elementor-column-gap-default\">\n\t\t\t\t\t<div class=\"elementor-column elementor-col-50 elementor-top-column elementor-element elementor-element-1ac2d49\" data-id=\"1ac2d49\" data-element_type=\"column\">\n\t\t\t<div class=\"elementor-widget-wrap elementor-element-populated\">\n\t\t\t\t\t\t<div class=\"elementor-element elementor-element-7d40a84 elementor-widget elementor-widget-heading\" data-id=\"7d40a84\" data-element_type=\"widget\" data-settings=\"{&quot;motion_fx_motion_fx_scrolling&quot;:&quot;yes&quot;,&quot;motion_fx_translateY_effect&quot;:&quot;yes&quot;,&quot;motion_fx_translateY_speed&quot;:{&quot;unit&quot;:&quot;px&quot;,&quot;size&quot;:3.9,&quot;sizes&quot;:[]},&quot;motion_fx_translateY_affectedRange&quot;:{&quot;unit&quot;:&quot;%&quot;,&quot;size&quot;:&quot;&quot;,&quot;sizes&quot;:{&quot;start&quot;:0,&quot;end&quot;:100}},&quot;motion_fx_devices&quot;:[&quot;desktop&quot;,&quot;tablet&quot;,&quot;mobile&quot;]}\" data-widget_type=\"heading.default\">\n\t\t\t\t<div class=\"elementor-widget-container\">\n\t\t\t<h6 class=\"elementor-heading-title elementor-size-medium\"><b>H\u0130SKA OTOMOT\u0130V<\/b><\/h6>\t\t<\/div>\n\t\t\t\t<\/div>\n\t\t\t\t<div class=\"elementor-element elementor-element-e37337e elementor-widget elementor-widget-heading\" data-id=\"e37337e\" data-element_type=\"widget\" data-widget_type=\"heading.default\">\n\t\t\t\t<div class=\"elementor-widget-container\">\n\t\t\t<h2 class=\"elementor-heading-title elementor-size-default\">HAKKIMIZDA<\/h2>\t\t<\/div>\n\t\t\t\t<\/div>\n\t\t\t\t<div class=\"elementor-element elementor-element-7292c24 elementor-widget elementor-widget-text-editor\" data-id=\"7292c24\" data-element_type=\"widget\" data-widget_type=\"text-editor.default\">\n\t\t\t\t<div class=\"elementor-widget-container\">\n\t\t\t\t\t\t\t<p>2019 y\u0131l\u0131nda imalata ba\u015flayan firmam\u0131zda Japon-Kore ara\u00e7lar\u0131na ait plastik,kau\u00e7uk ve kau\u00e7uk-sa\u00e7l\u0131 yedek par\u00e7a imalat\u0131 yapmaktay\u0131z. Hyundai, Mitsubishi, Mazda, Toyota, Honda, Kia, Nissan, Suzuki, Wolksvagen marka ve modellere sahip binek ve ticari ara\u00e7lara ait hava filtre hortumlar\u0131; aks ve direksiyon k\u00f6r\u00fckleri; viraj, makas ve amortis\u00f6r lastikleri; sal\u0131ncak ve makas bur\u00e7lar\u0131; motor ve radyat\u00f6r takozlar\u0131 par\u00e7alar\u0131n\u0131, sinyal stop lambalar\u0131n\u0131, ara\u00e7 kap\u0131 kollar\u0131, bagaj \u00e7\u0131taslar\u0131n\u0131n \u00fcretimini yapmaktad\u0131r. Firmam\u0131z Bursa ili Osmangazi il\u00e7esi K\u00fcpl\u00fcp\u0131nar Mh. \u00fcretim faaliyetine devam etmektedir. 5 y\u0131l\u0131 a\u015fk\u0131n s\u00fcredir \u00e7e\u015fitli \u00fcr\u00fcn \u00e7e\u015fitlili\u011fiyle \u00fczerinde kendi imalat\u0131m\u0131z ve fason yap\u0131m\u0131 mam\u00fcller ile siz de\u011ferli m\u00fc\u015fterilerimize hizmet etmekteyiz.<\/p>\t\t\t\t\t\t<\/div>\n\t\t\t\t<\/div>\n\t\t\t\t<div class=\"elementor-element elementor-element-21ffacd elementor-widget__width-auto elementor-widget elementor-widget-button\" data-id=\"21ffacd\" data-element_type=\"widget\" data-widget_type=\"button.default\">\n\t\t\t\t<div class=\"elementor-widget-container\">\n\t\t\t\t\t<div class=\"elementor-button-wrapper\">\n\t\t\t<a class=\"elementor-button elementor-button-link elementor-size-sm\" href=\"\/hakkimizda\/\">\n\t\t\t\t\t\t<span class=\"elementor-button-content-wrapper\">\n\t\t\t\t\t\t<span class=\"elementor-button-text\">Hakk\u0131m\u0131zda<\/span>\n\t\t<\/span>\n\t\t\t\t\t<\/a>\n\t\t<\/div>\n\t\t\t\t<\/div>\n\t\t\t\t<\/div>\n\t\t\t\t<div class=\"elementor-element elementor-element-473c067 elementor-widget__width-auto elementor-widget elementor-widget-button\" data-id=\"473c067\" data-element_type=\"widget\" data-widget_type=\"button.default\">\n\t\t\t\t<div class=\"elementor-widget-container\">\n\t\t\t\t\t<div class=\"elementor-button-wrapper\">\n\t\t\t<a class=\"elementor-button elementor-button-link elementor-size-sm\" href=\"https:\/\/hiskaotomotiv.com\/index.php\/iletisim\/\">\n\t\t\t\t\t\t<span class=\"elementor-button-content-wrapper\">\n\t\t\t\t\t\t<span class=\"elementor-button-text\">\u0130leti\u015fim<\/span>\n\t\t<\/span>\n\t\t\t\t\t<\/a>\n\t\t<\/div>\n\t\t\t\t<\/div>\n\t\t\t\t<\/div>\n\t\t\t\t\t<\/div>\n\t\t<\/div>\n\t\t\t\t<div class=\"elementor-column elementor-col-50 elementor-top-column elementor-element elementor-element-786b64f\" data-id=\"786b64f\" data-element_type=\"column\">\n\t\t\t<div class=\"elementor-widget-wrap elementor-element-populated\">\n\t\t\t\t\t\t<div class=\"elementor-element elementor-element-653e1b0 elementor-widget elementor-widget-image\" data-id=\"653e1b0\" data-element_type=\"widget\" data-widget_type=\"image.default\">\n\t\t\t\t<div class=\"elementor-widget-container\">\n\t\t\t\t\t\t\t\t\t\t\t\t\t<img fetchpriority=\"high\" decoding=\"async\" width=\"720\" height=\"718\" src=\"https:\/\/hiskaotomotiv.com\/wp-content\/uploads\/2022\/05\/FM_50.png\" class=\"attachment-full size-full wp-image-10704\" alt=\"\" srcset=\"https:\/\/hiskaotomotiv.com\/wp-content\/uploads\/2022\/05\/FM_50.png 720w, https:\/\/hiskaotomotiv.com\/wp-content\/uploads\/2022\/05\/FM_50-300x300.png 300w, https:\/\/hiskaotomotiv.com\/wp-content\/uploads\/2022\/05\/FM_50-100x100.png 100w, https:\/\/hiskaotomotiv.com\/wp-content\/uploads\/2022\/05\/FM_50-600x598.png 600w, https:\/\/hiskaotomotiv.com\/wp-content\/uploads\/2022\/05\/FM_50-150x150.png 150w\" sizes=\"(max-width: 720px) 100vw, 720px\" \/>\t\t\t\t\t\t\t\t\t\t\t\t\t<\/div>\n\t\t\t\t<\/div>\n\t\t\t\t\t<\/div>\n\t\t<\/div>\n\t\t\t\t\t<\/div>\n\t\t<\/section>\n\t\t\t\t<section class=\"elementor-section elementor-top-section elementor-element elementor-element-72ca253 elementor-section-boxed elementor-section-height-default elementor-section-height-default\" data-id=\"72ca253\" data-element_type=\"section\" data-settings=\"{&quot;background_background&quot;:&quot;classic&quot;}\">\n\t\t\t\t\t\t<div class=\"elementor-container elementor-column-gap-default\">\n\t\t\t\t\t<div class=\"elementor-column elementor-col-100 elementor-top-column elementor-element elementor-element-61f8324\" data-id=\"61f8324\" data-element_type=\"column\">\n\t\t\t<div class=\"elementor-widget-wrap elementor-element-populated\">\n\t\t\t\t\t\t<section class=\"elementor-section elementor-inner-section elementor-element elementor-element-14d1bd6 elementor-section-boxed elementor-section-height-default elementor-section-height-default\" data-id=\"14d1bd6\" data-element_type=\"section\">\n\t\t\t\t\t\t<div class=\"elementor-container elementor-column-gap-default\">\n\t\t\t\t\t<div class=\"elementor-column elementor-col-100 elementor-inner-column elementor-element elementor-element-5e6dcb5\" data-id=\"5e6dcb5\" data-element_type=\"column\">\n\t\t\t<div class=\"elementor-widget-wrap elementor-element-populated\">\n\t\t\t\t\t\t<div class=\"elementor-element elementor-element-22fe7f0 elementor-widget elementor-widget-heading\" data-id=\"22fe7f0\" data-element_type=\"widget\" data-widget_type=\"heading.default\">\n\t\t\t\t<div class=\"elementor-widget-container\">\n\t\t\t<h6 class=\"elementor-heading-title elementor-size-default\">H\u0130ZMET VERD\u0130\u011e\u0130M\u0130Z<\/h6>\t\t<\/div>\n\t\t\t\t<\/div>\n\t\t\t\t<div class=\"elementor-element elementor-element-8e17319 elementor-widget elementor-widget-heading\" data-id=\"8e17319\" data-element_type=\"widget\" data-widget_type=\"heading.default\">\n\t\t\t\t<div class=\"elementor-widget-container\">\n\t\t\t<h2 class=\"elementor-heading-title elementor-size-default\">MARKALARIMIZ<\/h2>\t\t<\/div>\n\t\t\t\t<\/div>\n\t\t\t\t\t<\/div>\n\t\t<\/div>\n\t\t\t\t\t<\/div>\n\t\t<\/section>\n\t\t\t\t<div class=\"elementor-element elementor-element-48cd959 elementor-pagination-position-outside elementor-widget elementor-widget-image-carousel\" data-id=\"48cd959\" data-element_type=\"widget\" data-settings=\"{&quot;slides_to_show&quot;:&quot;5&quot;,&quot;navigation&quot;:&quot;dots&quot;,&quot;autoplay&quot;:&quot;yes&quot;,&quot;pause_on_hover&quot;:&quot;yes&quot;,&quot;pause_on_interaction&quot;:&quot;yes&quot;,&quot;autoplay_speed&quot;:5000,&quot;infinite&quot;:&quot;yes&quot;,&quot;speed&quot;:500}\" data-widget_type=\"image-carousel.default\">\n\t\t\t\t<div class=\"elementor-widget-container\">\n\t\t\t\t\t<div class=\"elementor-image-carousel-wrapper swiper\" dir=\"ltr\">\n\t\t\t<div class=\"elementor-image-carousel swiper-wrapper\" aria-live=\"off\">\n\t\t\t\t\t\t\t\t<div class=\"swiper-slide\" role=\"group\" aria-roledescription=\"slide\" aria-label=\"1 \/ 10\"><figure class=\"swiper-slide-inner\"><img decoding=\"async\" class=\"swiper-slide-image\" src=\"https:\/\/hiskaotomotiv.com\/wp-content\/uploads\/2022\/05\/suzuki.jpg\" alt=\"suziki\" \/><\/figure><\/div><div class=\"swiper-slide\" role=\"group\" aria-roledescription=\"slide\" aria-label=\"2 \/ 10\"><figure class=\"swiper-slide-inner\"><img decoding=\"async\" class=\"swiper-slide-image\" src=\"https:\/\/hiskaotomotiv.com\/wp-content\/uploads\/2022\/05\/toyota.jpg\" alt=\"toyota\" \/><\/figure><\/div><div class=\"swiper-slide\" role=\"group\" aria-roledescription=\"slide\" aria-label=\"3 \/ 10\"><figure class=\"swiper-slide-inner\"><img decoding=\"async\" class=\"swiper-slide-image\" src=\"https:\/\/hiskaotomotiv.com\/wp-content\/uploads\/2022\/05\/ssangyon.jpg\" alt=\"ssangyong\" \/><\/figure><\/div><div class=\"swiper-slide\" role=\"group\" aria-roledescription=\"slide\" aria-label=\"4 \/ 10\"><figure class=\"swiper-slide-inner\"><img decoding=\"async\" class=\"swiper-slide-image\" src=\"https:\/\/hiskaotomotiv.com\/wp-content\/uploads\/2022\/05\/nissan.jpg\" alt=\"nissan\" \/><\/figure><\/div><div class=\"swiper-slide\" role=\"group\" aria-roledescription=\"slide\" aria-label=\"5 \/ 10\"><figure class=\"swiper-slide-inner\"><img decoding=\"async\" class=\"swiper-slide-image\" src=\"https:\/\/hiskaotomotiv.com\/wp-content\/uploads\/2022\/05\/mitsubishi.jpg\" alt=\"mitsubishi\" \/><\/figure><\/div><div class=\"swiper-slide\" role=\"group\" aria-roledescription=\"slide\" aria-label=\"6 \/ 10\"><figure class=\"swiper-slide-inner\"><img decoding=\"async\" class=\"swiper-slide-image\" src=\"https:\/\/hiskaotomotiv.com\/wp-content\/uploads\/2022\/05\/mazda.jpg\" alt=\"mazda\" \/><\/figure><\/div><div class=\"swiper-slide\" role=\"group\" aria-roledescription=\"slide\" aria-label=\"7 \/ 10\"><figure class=\"swiper-slide-inner\"><img decoding=\"async\" class=\"swiper-slide-image\" src=\"https:\/\/hiskaotomotiv.com\/wp-content\/uploads\/2022\/05\/kia.jpg\" alt=\"kia\" \/><\/figure><\/div><div class=\"swiper-slide\" role=\"group\" aria-roledescription=\"slide\" aria-label=\"8 \/ 10\"><figure class=\"swiper-slide-inner\"><img decoding=\"async\" class=\"swiper-slide-image\" src=\"https:\/\/hiskaotomotiv.com\/wp-content\/uploads\/2022\/05\/hyundai.jpg\" alt=\"hyundai\" \/><\/figure><\/div><div class=\"swiper-slide\" role=\"group\" aria-roledescription=\"slide\" aria-label=\"9 \/ 10\"><figure class=\"swiper-slide-inner\"><img decoding=\"async\" class=\"swiper-slide-image\" src=\"https:\/\/hiskaotomotiv.com\/wp-content\/uploads\/2022\/05\/honda.jpg\" alt=\"honda\" \/><\/figure><\/div><div class=\"swiper-slide\" role=\"group\" aria-roledescription=\"slide\" aria-label=\"10 \/ 10\"><figure class=\"swiper-slide-inner\"><img decoding=\"async\" class=\"swiper-slide-image\" src=\"https:\/\/hiskaotomotiv.com\/wp-content\/uploads\/2023\/12\/volkswagen-logo-brand-car-symbol-with-name-blue-design-german-automobile-illustration-free-vector.jpg\" alt=\"volkswagen-logo-brand-car-symbol-with-name-blue-design-german-automobile-illustration-free-vector\" \/><\/figure><\/div>\t\t\t<\/div>\n\t\t\t\t\t\t\t\n\t\t\t\t\t\t\t\t\t<div class=\"swiper-pagination\"><\/div>\n\t\t\t\t\t\t\t\t\t<\/div>\n\t\t\t\t<\/div>\n\t\t\t\t<\/div>\n\t\t\t\t\t<\/div>\n\t\t<\/div>\n\t\t\t\t\t<\/div>\n\t\t<\/section>\n\t\t\t\t<section class=\"elementor-section elementor-top-section elementor-element elementor-element-aa586ec elementor-section-boxed elementor-section-height-default elementor-section-height-default\" data-id=\"aa586ec\" data-element_type=\"section\">\n\t\t\t\t\t\t<div class=\"elementor-container elementor-column-gap-default\">\n\t\t\t\t\t<div class=\"elementor-column elementor-col-100 elementor-top-column elementor-element elementor-element-b0ce9fa\" data-id=\"b0ce9fa\" data-element_type=\"column\">\n\t\t\t<div class=\"elementor-widget-wrap elementor-element-populated\">\n\t\t\t\t\t\t<section class=\"elementor-section elementor-inner-section elementor-element elementor-element-6bf71d3 elementor-section-boxed elementor-section-height-default elementor-section-height-default\" data-id=\"6bf71d3\" data-element_type=\"section\" data-settings=\"{&quot;background_background&quot;:&quot;classic&quot;}\">\n\t\t\t\t\t\t\t<div class=\"elementor-background-overlay\"><\/div>\n\t\t\t\t\t\t\t<div class=\"elementor-container elementor-column-gap-default\">\n\t\t\t\t\t<div class=\"elementor-column elementor-col-33 elementor-inner-column elementor-element elementor-element-09eb4b6\" data-id=\"09eb4b6\" data-element_type=\"column\">\n\t\t\t<div class=\"elementor-widget-wrap elementor-element-populated\">\n\t\t\t\t\t\t<div class=\"elementor-element elementor-element-bff1674 elementor-widget elementor-widget-heading\" data-id=\"bff1674\" data-element_type=\"widget\" data-widget_type=\"heading.default\">\n\t\t\t\t<div class=\"elementor-widget-container\">\n\t\t\t<h2 class=\"elementor-heading-title elementor-size-default\">B\u0130ZE ULA\u015eIN<\/h2>\t\t<\/div>\n\t\t\t\t<\/div>\n\t\t\t\t<div class=\"elementor-element elementor-element-cca5caa elementor-widget elementor-widget-text-editor\" data-id=\"cca5caa\" data-element_type=\"widget\" data-widget_type=\"text-editor.default\">\n\t\t\t\t<div class=\"elementor-widget-container\">\n\t\t\t\t\t\t\t<p>\u00dcr\u00fcnlerimiz hakk\u0131nda detayl\u0131 bilgi almak i\u00e7in bizi her zaman arayabilirsiniz.\u00a0<\/p>\t\t\t\t\t\t<\/div>\n\t\t\t\t<\/div>\n\t\t\t\t\t<\/div>\n\t\t<\/div>\n\t\t\t\t<div class=\"elementor-column elementor-col-33 elementor-inner-column elementor-element elementor-element-efa17d9\" data-id=\"efa17d9\" data-element_type=\"column\">\n\t\t\t<div class=\"elementor-widget-wrap\">\n\t\t\t\t\t\t\t<\/div>\n\t\t<\/div>\n\t\t\t\t<div class=\"elementor-column elementor-col-33 elementor-inner-column elementor-element elementor-element-0b2442d\" data-id=\"0b2442d\" data-element_type=\"column\">\n\t\t\t<div class=\"elementor-widget-wrap elementor-element-populated\">\n\t\t\t\t\t\t<div class=\"elementor-element elementor-element-b2b39a0 elementor-align-right elementor-mobile-align-left elementor-widget elementor-widget-button\" data-id=\"b2b39a0\" data-element_type=\"widget\" data-widget_type=\"button.default\">\n\t\t\t\t<div class=\"elementor-widget-container\">\n\t\t\t\t\t<div class=\"elementor-button-wrapper\">\n\t\t\t<a class=\"elementor-button elementor-size-md\" role=\"button\">\n\t\t\t\t\t\t<span class=\"elementor-button-content-wrapper\">\n\t\t\t\t\t\t<span class=\"elementor-button-icon elementor-align-icon-left\">\n\t\t\t\t<i aria-hidden=\"true\" class=\"fas fa-phone\"><\/i>\t\t\t<\/span>\n\t\t\t\t\t\t<span class=\"elementor-button-text\">0542 683 30 04 <br\/>0534 292 42 84<\/span>\n\t\t<\/span>\n\t\t\t\t\t<\/a>\n\t\t<\/div>\n\t\t\t\t<\/div>\n\t\t\t\t<\/div>\n\t\t\t\t\t<\/div>\n\t\t<\/div>\n\t\t\t\t\t<\/div>\n\t\t<\/section>\n\t\t\t\t\t<\/div>\n\t\t<\/div>\n\t\t\t\t\t<\/div>\n\t\t<\/section>\n\t\t\t\t<\/div>\n\t\t","protected":false},"excerpt":{"rendered":"<p>Yedek Par\u00e7a \u00dcretimi Size \u00f6zel \u00fcr\u00fcnler. \u00dcr\u00fcnlerimiz Mesaj G\u00f6nder H\u0130SKA OTOMOT\u0130V HAKKIMIZDA 2019 y\u0131l\u0131nda imalata ba\u015flayan firmam\u0131zda Japon-Kore ara\u00e7lar\u0131na ait plastik,kau\u00e7uk ve kau\u00e7uk-sa\u00e7l\u0131 yedek par\u00e7a imalat\u0131 yapmaktay\u0131z. Hyundai, Mitsubishi, Mazda, Toyota, Honda, Kia, Nissan, Suzuki, Wolksvagen marka ve modellere sahip binek ve ticari ara\u00e7lara ait hava filtre hortumlar\u0131; aks ve direksiyon k\u00f6r\u00fckleri; viraj, makas ve [&hellip;]<\/p>\n","protected":false},"author":1,"featured_media":0,"parent":0,"menu_order":0,"comment_status":"closed","ping_status":"closed","template":"elementor_header_footer","meta":{"zakra_page_container_layout":"stretched","zakra_page_sidebar_layout":"no_sidebar","zakra_remove_content_margin":false,"zakra_sidebar":"customizer","zakra_transparent_header":"0","zakra_logo":0,"zakra_main_header_style":"zak-layout-1-style-1","zakra_menu_item_color":"","zakra_menu_item_hover_color":"#e22828","zakra_menu_item_active_color":"#e22828","zakra_menu_active_style":"","zakra_page_header":false,"footnotes":""},"_links":{"self":[{"href":"https:\/\/hiskaotomotiv.com\/index.php\/wp-json\/wp\/v2\/pages\/1153"}],"collection":[{"href":"https:\/\/hiskaotomotiv.com\/index.php\/wp-json\/wp\/v2\/pages"}],"about":[{"href":"https:\/\/hiskaotomotiv.com\/index.php\/wp-json\/wp\/v2\/types\/page"}],"author":[{"embeddable":true,"href":"https:\/\/hiskaotomotiv.com\/index.php\/wp-json\/wp\/v2\/users\/1"}],"replies":[{"embeddable":true,"href":"https:\/\/hiskaotomotiv.com\/index.php\/wp-json\/wp\/v2\/comments?post=1153"}],"version-history":[{"count":89,"href":"https:\/\/hiskaotomotiv.com\/index.php\/wp-json\/wp\/v2\/pages\/1153\/revisions"}],"predecessor-version":[{"id":10840,"href":"https:\/\/hiskaotomotiv.com\/index.php\/wp-json\/wp\/v2\/pages\/1153\/revisions\/10840"}],"wp:attachment":[{"href":"https:\/\/hiskaotomotiv.com\/index.php\/wp-json\/wp\/v2\/media?parent=1153"}],"curies":[{"name":"wp","href":"https:\/\/api.w.org\/{rel}","templated":true}]}}