{"id":88,"date":"2019-04-24T02:27:39","date_gmt":"2019-04-23T23:27:39","guid":{"rendered":"http:\/\/hilarious-eel.w5.wpsandbox.pro\/?page_id=88"},"modified":"2022-05-13T08:54:31","modified_gmt":"2022-05-13T05:54:31","slug":"markalar","status":"publish","type":"page","link":"https:\/\/hiskaotomotiv.com\/index.php\/markalar\/","title":{"rendered":"Markalar"},"content":{"rendered":"\t\t<div data-elementor-type=\"wp-post\" data-elementor-id=\"88\" class=\"elementor elementor-88\">\n\t\t\t\t\t\t<section class=\"elementor-section elementor-top-section elementor-element elementor-element-fcef87d elementor-section-boxed elementor-section-height-default elementor-section-height-default\" data-id=\"fcef87d\" data-element_type=\"section\">\n\t\t\t\t\t\t<div class=\"elementor-container elementor-column-gap-default\">\n\t\t\t\t\t<div class=\"elementor-column elementor-col-100 elementor-top-column elementor-element elementor-element-6351fb8\" data-id=\"6351fb8\" data-element_type=\"column\">\n\t\t\t<div class=\"elementor-widget-wrap elementor-element-populated\">\n\t\t\t\t\t\t<div class=\"elementor-element elementor-element-7c14dbf gallery-spacing-custom elementor-widget elementor-widget-image-gallery\" data-id=\"7c14dbf\" data-element_type=\"widget\" data-settings=\"{&quot;motion_fx_motion_fx_scrolling&quot;:&quot;yes&quot;,&quot;motion_fx_devices&quot;:[&quot;desktop&quot;,&quot;tablet&quot;,&quot;mobile&quot;]}\" data-widget_type=\"image-gallery.default\">\n\t\t\t\t<div class=\"elementor-widget-container\">\n\t\t\t\t\t<div class=\"elementor-image-gallery\">\n\t\t\t<div id='gallery-1' class='gallery galleryid-88 gallery-columns-3 gallery-size-full'><figure class='gallery-item'>\n\t\t\t<div class='gallery-icon landscape'>\n\t\t\t\t<img fetchpriority=\"high\" decoding=\"async\" width=\"304\" height=\"216\" src=\"https:\/\/hiskaotomotiv.com\/wp-content\/uploads\/2022\/05\/honda.jpg\" class=\"attachment-full size-full\" alt=\"\" aria-describedby=\"gallery-1-10632\" srcset=\"https:\/\/hiskaotomotiv.com\/wp-content\/uploads\/2022\/05\/honda.jpg 304w, https:\/\/hiskaotomotiv.com\/wp-content\/uploads\/2022\/05\/honda-300x213.jpg 300w\" sizes=\"(max-width: 304px) 100vw, 304px\" \/>\n\t\t\t<\/div>\n\t\t\t\t<figcaption class='wp-caption-text gallery-caption' id='gallery-1-10632'>\n\t\t\t\thonda\n\t\t\t\t<\/figcaption><\/figure><figure class='gallery-item'>\n\t\t\t<div class='gallery-icon landscape'>\n\t\t\t\t<img decoding=\"async\" width=\"304\" height=\"216\" src=\"https:\/\/hiskaotomotiv.com\/wp-content\/uploads\/2022\/05\/hyundai.jpg\" class=\"attachment-full size-full\" alt=\"\" aria-describedby=\"gallery-1-10633\" srcset=\"https:\/\/hiskaotomotiv.com\/wp-content\/uploads\/2022\/05\/hyundai.jpg 304w, https:\/\/hiskaotomotiv.com\/wp-content\/uploads\/2022\/05\/hyundai-300x213.jpg 300w\" sizes=\"(max-width: 304px) 100vw, 304px\" \/>\n\t\t\t<\/div>\n\t\t\t\t<figcaption class='wp-caption-text gallery-caption' id='gallery-1-10633'>\n\t\t\t\thyundai\n\t\t\t\t<\/figcaption><\/figure><figure class='gallery-item'>\n\t\t\t<div class='gallery-icon landscape'>\n\t\t\t\t<img decoding=\"async\" width=\"304\" height=\"216\" src=\"https:\/\/hiskaotomotiv.com\/wp-content\/uploads\/2022\/05\/kia.jpg\" class=\"attachment-full size-full\" alt=\"\" aria-describedby=\"gallery-1-10634\" srcset=\"https:\/\/hiskaotomotiv.com\/wp-content\/uploads\/2022\/05\/kia.jpg 304w, https:\/\/hiskaotomotiv.com\/wp-content\/uploads\/2022\/05\/kia-300x213.jpg 300w\" sizes=\"(max-width: 304px) 100vw, 304px\" \/>\n\t\t\t<\/div>\n\t\t\t\t<figcaption class='wp-caption-text gallery-caption' id='gallery-1-10634'>\n\t\t\t\tkia\n\t\t\t\t<\/figcaption><\/figure><figure class='gallery-item'>\n\t\t\t<div class='gallery-icon landscape'>\n\t\t\t\t<img loading=\"lazy\" decoding=\"async\" width=\"304\" height=\"216\" src=\"https:\/\/hiskaotomotiv.com\/wp-content\/uploads\/2022\/05\/mazda.jpg\" class=\"attachment-full size-full\" alt=\"\" aria-describedby=\"gallery-1-10635\" srcset=\"https:\/\/hiskaotomotiv.com\/wp-content\/uploads\/2022\/05\/mazda.jpg 304w, https:\/\/hiskaotomotiv.com\/wp-content\/uploads\/2022\/05\/mazda-300x213.jpg 300w\" sizes=\"(max-width: 304px) 100vw, 304px\" \/>\n\t\t\t<\/div>\n\t\t\t\t<figcaption class='wp-caption-text gallery-caption' id='gallery-1-10635'>\n\t\t\t\tmazda\n\t\t\t\t<\/figcaption><\/figure><figure class='gallery-item'>\n\t\t\t<div class='gallery-icon landscape'>\n\t\t\t\t<img loading=\"lazy\" decoding=\"async\" width=\"304\" height=\"216\" src=\"https:\/\/hiskaotomotiv.com\/wp-content\/uploads\/2022\/05\/mitsubishi.jpg\" class=\"attachment-full size-full\" alt=\"\" aria-describedby=\"gallery-1-10636\" srcset=\"https:\/\/hiskaotomotiv.com\/wp-content\/uploads\/2022\/05\/mitsubishi.jpg 304w, https:\/\/hiskaotomotiv.com\/wp-content\/uploads\/2022\/05\/mitsubishi-300x213.jpg 300w\" sizes=\"(max-width: 304px) 100vw, 304px\" \/>\n\t\t\t<\/div>\n\t\t\t\t<figcaption class='wp-caption-text gallery-caption' id='gallery-1-10636'>\n\t\t\t\tmitsubishi\n\t\t\t\t<\/figcaption><\/figure><figure class='gallery-item'>\n\t\t\t<div class='gallery-icon landscape'>\n\t\t\t\t<img loading=\"lazy\" decoding=\"async\" width=\"304\" height=\"216\" src=\"https:\/\/hiskaotomotiv.com\/wp-content\/uploads\/2022\/05\/nissan.jpg\" class=\"attachment-full size-full\" alt=\"\" aria-describedby=\"gallery-1-10637\" srcset=\"https:\/\/hiskaotomotiv.com\/wp-content\/uploads\/2022\/05\/nissan.jpg 304w, https:\/\/hiskaotomotiv.com\/wp-content\/uploads\/2022\/05\/nissan-300x213.jpg 300w\" sizes=\"(max-width: 304px) 100vw, 304px\" \/>\n\t\t\t<\/div>\n\t\t\t\t<figcaption class='wp-caption-text gallery-caption' id='gallery-1-10637'>\n\t\t\t\tnissan\n\t\t\t\t<\/figcaption><\/figure><figure class='gallery-item'>\n\t\t\t<div class='gallery-icon landscape'>\n\t\t\t\t<img loading=\"lazy\" decoding=\"async\" width=\"304\" height=\"216\" src=\"https:\/\/hiskaotomotiv.com\/wp-content\/uploads\/2022\/05\/ssangyon.jpg\" class=\"attachment-full size-full\" alt=\"\" aria-describedby=\"gallery-1-10638\" srcset=\"https:\/\/hiskaotomotiv.com\/wp-content\/uploads\/2022\/05\/ssangyon.jpg 304w, https:\/\/hiskaotomotiv.com\/wp-content\/uploads\/2022\/05\/ssangyon-300x213.jpg 300w\" sizes=\"(max-width: 304px) 100vw, 304px\" \/>\n\t\t\t<\/div>\n\t\t\t\t<figcaption class='wp-caption-text gallery-caption' id='gallery-1-10638'>\n\t\t\t\tssangyong\n\t\t\t\t<\/figcaption><\/figure><figure class='gallery-item'>\n\t\t\t<div class='gallery-icon landscape'>\n\t\t\t\t<img loading=\"lazy\" decoding=\"async\" width=\"304\" height=\"216\" src=\"https:\/\/hiskaotomotiv.com\/wp-content\/uploads\/2022\/05\/suzuki.jpg\" class=\"attachment-full size-full\" alt=\"\" aria-describedby=\"gallery-1-10639\" srcset=\"https:\/\/hiskaotomotiv.com\/wp-content\/uploads\/2022\/05\/suzuki.jpg 304w, https:\/\/hiskaotomotiv.com\/wp-content\/uploads\/2022\/05\/suzuki-300x213.jpg 300w\" sizes=\"(max-width: 304px) 100vw, 304px\" \/>\n\t\t\t<\/div>\n\t\t\t\t<figcaption class='wp-caption-text gallery-caption' id='gallery-1-10639'>\n\t\t\t\tsuziki\n\t\t\t\t<\/figcaption><\/figure><figure class='gallery-item'>\n\t\t\t<div class='gallery-icon landscape'>\n\t\t\t\t<img loading=\"lazy\" decoding=\"async\" width=\"304\" height=\"216\" src=\"https:\/\/hiskaotomotiv.com\/wp-content\/uploads\/2022\/05\/toyota.jpg\" class=\"attachment-full size-full\" alt=\"\" aria-describedby=\"gallery-1-10640\" srcset=\"https:\/\/hiskaotomotiv.com\/wp-content\/uploads\/2022\/05\/toyota.jpg 304w, https:\/\/hiskaotomotiv.com\/wp-content\/uploads\/2022\/05\/toyota-300x213.jpg 300w\" sizes=\"(max-width: 304px) 100vw, 304px\" \/>\n\t\t\t<\/div>\n\t\t\t\t<figcaption class='wp-caption-text gallery-caption' id='gallery-1-10640'>\n\t\t\t\ttoyota\n\t\t\t\t<\/figcaption><\/figure>\n\t\t<\/div>\n\t\t<\/div>\n\t\t\t\t<\/div>\n\t\t\t\t<\/div>\n\t\t\t\t\t<\/div>\n\t\t<\/div>\n\t\t\t\t\t<\/div>\n\t\t<\/section>\n\t\t\t\t<section class=\"elementor-section elementor-top-section elementor-element elementor-element-699e609 elementor-section-boxed elementor-section-height-default elementor-section-height-default\" data-id=\"699e609\" data-element_type=\"section\">\n\t\t\t\t\t\t<div class=\"elementor-container elementor-column-gap-default\">\n\t\t\t\t\t<div class=\"elementor-column elementor-col-100 elementor-top-column elementor-element elementor-element-c943905\" data-id=\"c943905\" data-element_type=\"column\">\n\t\t\t<div class=\"elementor-widget-wrap elementor-element-populated\">\n\t\t\t\t\t\t<section class=\"elementor-section elementor-inner-section elementor-element elementor-element-39c75d7 elementor-section-boxed elementor-section-height-default elementor-section-height-default\" data-id=\"39c75d7\" data-element_type=\"section\" data-settings=\"{&quot;background_background&quot;:&quot;classic&quot;}\">\n\t\t\t\t\t\t\t<div class=\"elementor-background-overlay\"><\/div>\n\t\t\t\t\t\t\t<div class=\"elementor-container elementor-column-gap-default\">\n\t\t\t\t\t<div class=\"elementor-column elementor-col-33 elementor-inner-column elementor-element elementor-element-0f72be4\" data-id=\"0f72be4\" data-element_type=\"column\">\n\t\t\t<div class=\"elementor-widget-wrap elementor-element-populated\">\n\t\t\t\t\t\t<div class=\"elementor-element elementor-element-4b124ef elementor-widget elementor-widget-heading\" data-id=\"4b124ef\" data-element_type=\"widget\" data-widget_type=\"heading.default\">\n\t\t\t\t<div class=\"elementor-widget-container\">\n\t\t\t<h2 class=\"elementor-heading-title elementor-size-default\">B\u0130ze ula\u015f\u0131n<\/h2>\t\t<\/div>\n\t\t\t\t<\/div>\n\t\t\t\t<div class=\"elementor-element elementor-element-922de5a elementor-widget elementor-widget-text-editor\" data-id=\"922de5a\" data-element_type=\"widget\" data-widget_type=\"text-editor.default\">\n\t\t\t\t<div class=\"elementor-widget-container\">\n\t\t\t\t\t\t\t<p>\u00dcr\u00fcnlerimiz hakk\u0131nda detayl\u0131 bilgi almak i\u00e7in l\u00fctfen aray\u0131n.<\/p>\t\t\t\t\t\t<\/div>\n\t\t\t\t<\/div>\n\t\t\t\t\t<\/div>\n\t\t<\/div>\n\t\t\t\t<div class=\"elementor-column elementor-col-33 elementor-inner-column elementor-element elementor-element-33ee81d\" data-id=\"33ee81d\" data-element_type=\"column\">\n\t\t\t<div class=\"elementor-widget-wrap\">\n\t\t\t\t\t\t\t<\/div>\n\t\t<\/div>\n\t\t\t\t<div class=\"elementor-column elementor-col-33 elementor-inner-column elementor-element elementor-element-fdd8b0b\" data-id=\"fdd8b0b\" data-element_type=\"column\">\n\t\t\t<div class=\"elementor-widget-wrap elementor-element-populated\">\n\t\t\t\t\t\t<div class=\"elementor-element elementor-element-d2f8503 elementor-align-right elementor-mobile-align-left elementor-widget elementor-widget-button\" data-id=\"d2f8503\" data-element_type=\"widget\" data-widget_type=\"button.default\">\n\t\t\t\t<div class=\"elementor-widget-container\">\n\t\t\t\t\t<div class=\"elementor-button-wrapper\">\n\t\t\t<a class=\"elementor-button elementor-button-link elementor-size-md\" href=\"tel:05426833004\">\n\t\t\t\t\t\t<span class=\"elementor-button-content-wrapper\">\n\t\t\t\t\t\t<span class=\"elementor-button-icon elementor-align-icon-left\">\n\t\t\t\t<i aria-hidden=\"true\" class=\"fas fa-phone\"><\/i>\t\t\t<\/span>\n\t\t\t\t\t\t<span class=\"elementor-button-text\">0542 683 30 04<\/span>\n\t\t<\/span>\n\t\t\t\t\t<\/a>\n\t\t<\/div>\n\t\t\t\t<\/div>\n\t\t\t\t<\/div>\n\t\t\t\t\t<\/div>\n\t\t<\/div>\n\t\t\t\t\t<\/div>\n\t\t<\/section>\n\t\t\t\t\t<\/div>\n\t\t<\/div>\n\t\t\t\t\t<\/div>\n\t\t<\/section>\n\t\t\t\t<\/div>\n\t\t","protected":false},"excerpt":{"rendered":"<p>honda hyundai kia mazda mitsubishi nissan ssangyong suziki toyota B\u0130ze ula\u015f\u0131n \u00dcr\u00fcnlerimiz hakk\u0131nda detayl\u0131 bilgi almak i\u00e7in l\u00fctfen aray\u0131n. 0542 683 30 04<\/p>\n","protected":false},"author":1,"featured_media":0,"parent":0,"menu_order":0,"comment_status":"closed","ping_status":"closed","template":"elementor_header_footer","meta":{"zakra_page_container_layout":"stretched","zakra_page_sidebar_layout":"no_sidebar","zakra_remove_content_margin":false,"zakra_sidebar":"customizer","zakra_transparent_header":"0","zakra_logo":0,"zakra_main_header_style":"default","zakra_menu_item_color":"","zakra_menu_item_hover_color":"#e22828","zakra_menu_item_active_color":"#e22828","zakra_menu_active_style":"","zakra_page_header":false,"footnotes":""},"_links":{"self":[{"href":"https:\/\/hiskaotomotiv.com\/index.php\/wp-json\/wp\/v2\/pages\/88"}],"collection":[{"href":"https:\/\/hiskaotomotiv.com\/index.php\/wp-json\/wp\/v2\/pages"}],"about":[{"href":"https:\/\/hiskaotomotiv.com\/index.php\/wp-json\/wp\/v2\/types\/page"}],"author":[{"embeddable":true,"href":"https:\/\/hiskaotomotiv.com\/index.php\/wp-json\/wp\/v2\/users\/1"}],"replies":[{"embeddable":true,"href":"https:\/\/hiskaotomotiv.com\/index.php\/wp-json\/wp\/v2\/comments?post=88"}],"version-history":[{"count":26,"href":"https:\/\/hiskaotomotiv.com\/index.php\/wp-json\/wp\/v2\/pages\/88\/revisions"}],"predecessor-version":[{"id":10671,"href":"https:\/\/hiskaotomotiv.com\/index.php\/wp-json\/wp\/v2\/pages\/88\/revisions\/10671"}],"wp:attachment":[{"href":"https:\/\/hiskaotomotiv.com\/index.php\/wp-json\/wp\/v2\/media?parent=88"}],"curies":[{"name":"wp","href":"https:\/\/api.w.org\/{rel}","templated":true}]}}